{"id":12318,"date":"2014-09-15T10:08:25","date_gmt":"2014-09-15T13:08:25","guid":{"rendered":"http:\/\/rioonwatch.org.br\/?page_id=12318"},"modified":"2024-06-20T18:21:27","modified_gmt":"2024-06-20T21:21:27","slug":"contribuir-2","status":"publish","type":"page","link":"https:\/\/rioonwatch.org.br\/?page_id=12318","title":{"rendered":"Escreva para o RioOnWatch"},"content":{"rendered":"<p><span style=\"font-weight: 400;\">O <em><a href=\"http:\/\/www.rioonwatch.org.br\" target=\"_blank\" rel=\"noopener noreferrer\">RioOnWatch<\/a><\/em>, projeto da organiza\u00e7\u00e3o Comunidades Catalisadoras (<a href=\"http:\/\/www.comcat.org\/\">ComCat<\/a>), publica mat\u00e9rias, reportagens, v\u00eddeos e foto-reportagens de jornalistas, comunicadores populares e comunit\u00e1rios, pesquisadores e outros colaboradores, no Rio de Janeiro, em portugu\u00eas e ingl\u00eas\u2014traduzidas por n\u00f3s\u2014no site <a href=\"http:\/\/www.rioonwatch.org.br\" target=\"_blank\" rel=\"noopener noreferrer\">www.RioOnWatch.org.br<\/a>. <strong>Mat\u00e9rias in\u00e9ditas por comunicadores comunit\u00e1rios s\u00e3o remuneradas.*<\/strong> Todas as demais mat\u00e9rias <em>s\u00e3o contribui\u00e7\u00f5es solid\u00e1rias<\/em> ao debate atual sobre o Rio, com foco nas favelas fluminenses (verifique a Linha Editorial abaixo).<\/span><\/p>\n<ul>\n<li><span style=\"font-weight: 400;\">Saiba mais sobre o <em>RioOnWatch <\/em><\/span><a href=\"http:\/\/bit.ly\/NeB13B\" target=\"_blank\" rel=\"noopener noreferrer\"><span style=\"font-weight: 400;\">aqui<\/span><\/a><span style=\"font-weight: 400;\">.<\/span><\/li>\n<li>Para propor uma mat\u00e9ria escreva para <a href=\"mailto:contato@rioonwatch.org.br\" target=\"_blank\" rel=\"noopener noreferrer\">contato@rioonwatch.org.br<\/a>.<\/li>\n<li><a href=\"https:\/\/bit.ly\/PoliticaDeReportagensROW\" target=\"_blank\" rel=\"noopener noreferrer\">Conhe\u00e7a nossa Pol\u00edtica de Reportagens aqui<\/a>.<\/li>\n<\/ul>\n<p><em>*Pseud\u00f4nimos podem ser usados ocasionalmente<\/em><\/p>\n<hr \/>\n<h2><strong>Comunicadores Populares<\/strong><\/h2>\n<p><span style=\"font-weight: 400;\">A contribui\u00e7\u00e3o dos jornalistas comunit\u00e1rios e comunicadores populares \u00e9 fundamental. Com o site <em>RioOnWatch<\/em>, a ComCat busca estimular, incentivar e valorizar o trabalho de comunicadores comunit\u00e1rios no Rio, proporcionando uma plataforma internacional para vozes comunit\u00e1rias.<\/span><\/p>\n<h4><b>Passos necess\u00e1rios para a publica\u00e7\u00e3o de uma mat\u00e9ria remunerada no <em>RioOnWatch<\/em>:<\/b><\/h4>\n<ul>\n<li style=\"font-weight: 400;\"><span style=\"font-weight: 400;\">Mat\u00e9ria in\u00e9dita escrita por comunicador popular.<\/span><\/li>\n<li><span style=\"font-weight: 400;\">Se apresente e envie sua pauta para <a href=\"mailto:contato@rioonwatch.org.br\" target=\"_blank\" rel=\"noopener noreferrer\">contato@rioonwatch.org.br<\/a>\u00a0se poss\u00edvel com os primeiros cinco par\u00e1grafos j\u00e1 desenvolvidos.<\/span><\/li>\n<li style=\"font-weight: 400;\"><span style=\"font-weight: 400;\">Seguir a linha editorial (veja abaixo). A coer\u00eancia da pauta com os objetivos do <em>RioOnWatch<\/em> \u00e9 fundamental para aprova\u00e7\u00e3o da pauta.<\/span><\/li>\n<li style=\"font-weight: 400;\"><span style=\"font-weight: 400;\">Sendo aceita a pauta, envie a mat\u00e9ria de 700-1500 palavras com 5 fotos de boa qualidade, retratando a mat\u00e9ria com as devidas legendas.<\/span><\/li>\n<li style=\"font-weight: 400;\"><span style=\"font-weight: 400;\">Inclua links relevantes sempre que puder dentro da mat\u00e9ria.<\/span><\/li>\n<li style=\"font-weight: 400;\"><span style=\"font-weight: 400;\">Envie os dados de uma conta corrente para o pagamento.<\/span><\/li>\n<\/ul>\n<p><span style=\"font-weight: 400;\">As mat\u00e9rias selecionadas para remunera\u00e7\u00e3o precisam ser in\u00e9ditas. Mat\u00e9rias urgentes s\u00e3o bem-vindas atrav\u00e9s do email\u00a0<a href=\"mailto:contato@rioonwatch.org.br\" target=\"_blank\" rel=\"noopener noreferrer\">contato@rioonwatch.org.br<\/a><\/span><span style=\"font-weight: 400;\">.<\/span><\/p>\n<hr \/>\n<h2><b>Linha Editorial<\/b><\/h2>\n<h4>Desde do in\u00edcio de 2017, a nova linha editorial da RioOnWatch est\u00e1 empenhada em:<\/h4>\n<ul>\n<li>Documentar a vis\u00e3o dos moradores das favelas sobre e para pol\u00edticas p\u00fablicas, <strong>de modo a<\/strong> informar os tomadores de decis\u00e3o municipais e profissionais internacionais de desenvolvimento.<\/li>\n<li>Publicar colunas espec\u00edficas de favelas e opini\u00f5es escritas por moradores de favelas <strong>de modo a<\/strong> integrar as perspectivas das favelas em suas pr\u00f3prias comunidades.<\/li>\n<li>Destacar as estrat\u00e9gias de organiza\u00e7\u00f5es, solu\u00e7\u00f5es comunit\u00e1rias e tecnologias ecol\u00f3gicas de favelas no Rio e em todo o mundo <strong>de modo a<\/strong> informar e inspirar iniciativas de desenvolvimento colaborativo e sustent\u00e1vel de base.<\/li>\n<li>Popularizar conceitos de planejamento urbano <strong>para que cidad\u00e3os possam<\/strong> desenvolver suas comunidades de forma mais eficaz.<\/li>\n<li>Observar o legado Ol\u00edmpico e monitorar a cobertura da imprensa nacional e internacional nas favelas, <strong>de modo a<\/strong> manter e aproveitar o legado do RioOnWatch como um site de not\u00edcias de monitoramento Ol\u00edmpico e oferecer li\u00e7\u00f5es para as cidades contempladas ou que estejam sediando megaeventos.<\/li>\n<li>Analisar paralelos e mostrar solidariedade \u00e0s comunidades informais em todo o mundo, para estabelecer conex\u00f5es, redes de apoio e um senso de experi\u00eancia e prop\u00f3sito comuns em comunidades tradicionalmente isoladas em todo o mundo (e em parceria com grupos ou sites similares \u00e0 ComCat\/RioOnWatch).<\/li>\n<li>Continuar a analisar, introduzir e informar pol\u00edticas locais e debates sociais sobre o Rio <strong>de modo a<\/strong> refor\u00e7ar drasticamente a compreens\u00e3o contextual e a compaix\u00e3o necess\u00e1rias para gerar maiores mudan\u00e7as pol\u00edticas que venham a beneficiar toda a sociedade.<\/li>\n<\/ul>\n<p>Desde do seu in\u00edcio, o programa <em>RioOnWatch<\/em> tem trabalhado para aumentar ampliar a voz de jornalistas comunit\u00e1rios e aliados no debate p\u00fablico e internacional atrav\u00e9s de artigos e reportagens sobre as transforma\u00e7\u00f5es do Rio, e tamb\u00e9m tem dialogado com a grande imprensa e a imprensa alternativa visando gerar uma vis\u00e3o mais precisa das favelas, das suas contribui\u00e7\u00f5es \u00e0 cidade e de suas perspectivas.<\/p>\n<!-- AddThis Advanced Settings generic via filter on the_content --><!-- AddThis Share Buttons generic via filter on the_content -->","protected":false},"excerpt":{"rendered":"<div class=\"mh-excerpt\"><p>O RioOnWatch, projeto da organiza\u00e7\u00e3o Comunidades Catalisadoras (ComCat), publica mat\u00e9rias, reportagens, v\u00eddeos e foto-reportagens de jornalistas, comunicadores populares e comunit\u00e1rios, pesquisadores e outros colaboradores, no Rio de Janeiro, em portugu\u00eas e ingl\u00eas\u2014traduzidas por n\u00f3s\u2014no site <a class=\"mh-excerpt-more\" href=\"https:\/\/rioonwatch.org.br\/?page_id=12318\" title=\"Escreva para o RioOnWatch\">[&#8230;]<\/a><!-- AddThis Advanced Settings generic via filter on get_the_excerpt --><!-- AddThis Share Buttons generic via filter on get_the_excerpt --><\/p>\n<\/div>","protected":false},"author":3,"featured_media":0,"parent":0,"menu_order":0,"comment_status":"closed","ping_status":"closed","template":"template-full.php","meta":{"_acf_changed":false,"_monsterinsights_skip_tracking":false,"_monsterinsights_sitenote_active":false,"_monsterinsights_sitenote_note":"","_monsterinsights_sitenote_category":0,"footnotes":""},"class_list":["post-12318","page","type-page","status-publish"],"acf":[],"yoast_head":"<!-- This site is optimized with the Yoast SEO plugin v25.6 - https:\/\/yoast.com\/wordpress\/plugins\/seo\/ -->\n<title>Escreva para o RioOnWatch - RioOnWatch<\/title>\n<meta name=\"robots\" content=\"index, follow, max-snippet:-1, max-image-preview:large, max-video-preview:-1\" \/>\n<link rel=\"canonical\" href=\"https:\/\/rioonwatch.org.br\/?page_id=12318\" \/>\n<meta property=\"og:locale\" content=\"pt_BR\" \/>\n<meta property=\"og:type\" content=\"article\" \/>\n<meta property=\"og:title\" content=\"Escreva para o RioOnWatch - RioOnWatch\" \/>\n<meta property=\"og:description\" content=\"O RioOnWatch, projeto da organiza\u00e7\u00e3o Comunidades Catalisadoras (ComCat), publica mat\u00e9rias, reportagens, v\u00eddeos e foto-reportagens de jornalistas, comunicadores populares e comunit\u00e1rios, pesquisadores e outros colaboradores, no Rio de Janeiro, em portugu\u00eas e ingl\u00eas\u2014traduzidas por n\u00f3s\u2014no site [...]\" \/>\n<meta property=\"og:url\" content=\"https:\/\/rioonwatch.org.br\/?page_id=12318\" \/>\n<meta property=\"og:site_name\" content=\"RioOnWatch\" \/>\n<meta property=\"article:modified_time\" content=\"2024-06-20T21:21:27+00:00\" \/>\n<meta name=\"twitter:card\" content=\"summary_large_image\" \/>\n<meta name=\"twitter:label1\" content=\"Est. tempo de leitura\" \/>\n\t<meta name=\"twitter:data1\" content=\"4 minutos\" \/>\n<script type=\"application\/ld+json\" class=\"yoast-schema-graph\">{\"@context\":\"https:\/\/schema.org\",\"@graph\":[{\"@type\":\"WebPage\",\"@id\":\"https:\/\/rioonwatch.org.br\/?page_id=12318\",\"url\":\"https:\/\/rioonwatch.org.br\/?page_id=12318\",\"name\":\"Escreva para o RioOnWatch - RioOnWatch\",\"isPartOf\":{\"@id\":\"https:\/\/rioonwatch.org.br\/#website\"},\"datePublished\":\"2014-09-15T13:08:25+00:00\",\"dateModified\":\"2024-06-20T21:21:27+00:00\",\"breadcrumb\":{\"@id\":\"https:\/\/rioonwatch.org.br\/?page_id=12318#breadcrumb\"},\"inLanguage\":\"pt-BR\",\"potentialAction\":[{\"@type\":\"ReadAction\",\"target\":[\"https:\/\/rioonwatch.org.br\/?page_id=12318\"]}]},{\"@type\":\"BreadcrumbList\",\"@id\":\"https:\/\/rioonwatch.org.br\/?page_id=12318#breadcrumb\",\"itemListElement\":[{\"@type\":\"ListItem\",\"position\":1,\"name\":\"In\u00edcio\",\"item\":\"https:\/\/rioonwatch.org.br\/\"},{\"@type\":\"ListItem\",\"position\":2,\"name\":\"Escreva para o RioOnWatch\"}]},{\"@type\":\"WebSite\",\"@id\":\"https:\/\/rioonwatch.org.br\/#website\",\"url\":\"https:\/\/rioonwatch.org.br\/\",\"name\":\"RioOnWatch\",\"description\":\"relatos das favelas cariocas\",\"publisher\":{\"@id\":\"https:\/\/rioonwatch.org.br\/#organization\"},\"potentialAction\":[{\"@type\":\"SearchAction\",\"target\":{\"@type\":\"EntryPoint\",\"urlTemplate\":\"https:\/\/rioonwatch.org.br\/?s={search_term_string}\"},\"query-input\":{\"@type\":\"PropertyValueSpecification\",\"valueRequired\":true,\"valueName\":\"search_term_string\"}}],\"inLanguage\":\"pt-BR\"},{\"@type\":\"Organization\",\"@id\":\"https:\/\/rioonwatch.org.br\/#organization\",\"name\":\"RioOnWatch\",\"url\":\"https:\/\/rioonwatch.org.br\/\",\"logo\":{\"@type\":\"ImageObject\",\"inLanguage\":\"pt-BR\",\"@id\":\"https:\/\/rioonwatch.org.br\/#\/schema\/logo\/image\/\",\"url\":\"https:\/\/rioonwatch.org.br\/wp-content\/uploads\/2021\/06\/RioOnWatchcabecalhoPT11anos-2.png\",\"contentUrl\":\"https:\/\/rioonwatch.org.br\/wp-content\/uploads\/2021\/06\/RioOnWatchcabecalhoPT11anos-2.png\",\"width\":779,\"height\":277,\"caption\":\"RioOnWatch\"},\"image\":{\"@id\":\"https:\/\/rioonwatch.org.br\/#\/schema\/logo\/image\/\"}}]}<\/script>\n<!-- \/ Yoast SEO plugin. -->","yoast_head_json":{"title":"Escreva para o RioOnWatch - RioOnWatch","robots":{"index":"index","follow":"follow","max-snippet":"max-snippet:-1","max-image-preview":"max-image-preview:large","max-video-preview":"max-video-preview:-1"},"canonical":"https:\/\/rioonwatch.org.br\/?page_id=12318","og_locale":"pt_BR","og_type":"article","og_title":"Escreva para o RioOnWatch - RioOnWatch","og_description":"O RioOnWatch, projeto da organiza\u00e7\u00e3o Comunidades Catalisadoras (ComCat), publica mat\u00e9rias, reportagens, v\u00eddeos e foto-reportagens de jornalistas, comunicadores populares e comunit\u00e1rios, pesquisadores e outros colaboradores, no Rio de Janeiro, em portugu\u00eas e ingl\u00eas\u2014traduzidas por n\u00f3s\u2014no site [...]","og_url":"https:\/\/rioonwatch.org.br\/?page_id=12318","og_site_name":"RioOnWatch","article_modified_time":"2024-06-20T21:21:27+00:00","twitter_card":"summary_large_image","twitter_misc":{"Est. tempo de leitura":"4 minutos"},"schema":{"@context":"https:\/\/schema.org","@graph":[{"@type":"WebPage","@id":"https:\/\/rioonwatch.org.br\/?page_id=12318","url":"https:\/\/rioonwatch.org.br\/?page_id=12318","name":"Escreva para o RioOnWatch - RioOnWatch","isPartOf":{"@id":"https:\/\/rioonwatch.org.br\/#website"},"datePublished":"2014-09-15T13:08:25+00:00","dateModified":"2024-06-20T21:21:27+00:00","breadcrumb":{"@id":"https:\/\/rioonwatch.org.br\/?page_id=12318#breadcrumb"},"inLanguage":"pt-BR","potentialAction":[{"@type":"ReadAction","target":["https:\/\/rioonwatch.org.br\/?page_id=12318"]}]},{"@type":"BreadcrumbList","@id":"https:\/\/rioonwatch.org.br\/?page_id=12318#breadcrumb","itemListElement":[{"@type":"ListItem","position":1,"name":"In\u00edcio","item":"https:\/\/rioonwatch.org.br\/"},{"@type":"ListItem","position":2,"name":"Escreva para o RioOnWatch"}]},{"@type":"WebSite","@id":"https:\/\/rioonwatch.org.br\/#website","url":"https:\/\/rioonwatch.org.br\/","name":"RioOnWatch","description":"relatos das favelas cariocas","publisher":{"@id":"https:\/\/rioonwatch.org.br\/#organization"},"potentialAction":[{"@type":"SearchAction","target":{"@type":"EntryPoint","urlTemplate":"https:\/\/rioonwatch.org.br\/?s={search_term_string}"},"query-input":{"@type":"PropertyValueSpecification","valueRequired":true,"valueName":"search_term_string"}}],"inLanguage":"pt-BR"},{"@type":"Organization","@id":"https:\/\/rioonwatch.org.br\/#organization","name":"RioOnWatch","url":"https:\/\/rioonwatch.org.br\/","logo":{"@type":"ImageObject","inLanguage":"pt-BR","@id":"https:\/\/rioonwatch.org.br\/#\/schema\/logo\/image\/","url":"https:\/\/rioonwatch.org.br\/wp-content\/uploads\/2021\/06\/RioOnWatchcabecalhoPT11anos-2.png","contentUrl":"https:\/\/rioonwatch.org.br\/wp-content\/uploads\/2021\/06\/RioOnWatchcabecalhoPT11anos-2.png","width":779,"height":277,"caption":"RioOnWatch"},"image":{"@id":"https:\/\/rioonwatch.org.br\/#\/schema\/logo\/image\/"}}]}},"_links":{"self":[{"href":"https:\/\/rioonwatch.org.br\/index.php?rest_route=\/wp\/v2\/pages\/12318"}],"collection":[{"href":"https:\/\/rioonwatch.org.br\/index.php?rest_route=\/wp\/v2\/pages"}],"about":[{"href":"https:\/\/rioonwatch.org.br\/index.php?rest_route=\/wp\/v2\/types\/page"}],"author":[{"embeddable":true,"href":"https:\/\/rioonwatch.org.br\/index.php?rest_route=\/wp\/v2\/users\/3"}],"replies":[{"embeddable":true,"href":"https:\/\/rioonwatch.org.br\/index.php?rest_route=%2Fwp%2Fv2%2Fcomments&post=12318"}],"version-history":[{"count":36,"href":"https:\/\/rioonwatch.org.br\/index.php?rest_route=\/wp\/v2\/pages\/12318\/revisions"}],"predecessor-version":[{"id":74404,"href":"https:\/\/rioonwatch.org.br\/index.php?rest_route=\/wp\/v2\/pages\/12318\/revisions\/74404"}],"wp:attachment":[{"href":"https:\/\/rioonwatch.org.br\/index.php?rest_route=%2Fwp%2Fv2%2Fmedia&parent=12318"}],"curies":[{"name":"wp","href":"https:\/\/api.w.org\/{rel}","templated":true}]}}