{"id":74397,"date":"2024-06-20T18:17:13","date_gmt":"2024-06-20T21:17:13","guid":{"rendered":"https:\/\/rioonwatch.org.br\/?page_id=74397"},"modified":"2024-06-26T12:54:58","modified_gmt":"2024-06-26T15:54:58","slug":"como-colaborar-com-o-rioonwatch","status":"publish","type":"page","link":"https:\/\/rioonwatch.org.br\/?page_id=74397","title":{"rendered":"Como Colaborar com o RioOnWatch"},"content":{"rendered":"<p><span style=\"font-weight: 400;\">Se voc\u00ea quiser nos ajudar, h\u00e1 muitas maneiras!<\/span><\/p>\n<ul>\n<li style=\"font-weight: 400;\"><b>Comunicador comunit\u00e1rio? Traga sua pauta ou nos contacte para escrever! <\/b><a href=\"http:\/\/bit.ly\/ContribuaROW\"><span style=\"font-weight: 400;\">Saiba mais aqui<\/span><\/a><span style=\"font-weight: 400;\">.<\/span><\/li>\n<li style=\"font-weight: 400;\"><b>Observador, pesquisador ou jornalista?<\/b><span style=\"font-weight: 400;\"> Ofere\u00e7a-se para escrever mat\u00e9rias solid\u00e1rias. <\/span><a href=\"http:\/\/bit.ly\/ContribuaROW\"><span style=\"font-weight: 400;\">Saiba mais aqui<\/span><\/a><span style=\"font-weight: 400;\">.<\/span><\/li>\n<li style=\"font-weight: 400;\"><b>Bil\u00edngue? <\/b><span style=\"font-weight: 400;\">Seja um tradutor volunt\u00e1rio! Se voc\u00ea \u00e9 fluente em portugu\u00eas e ingl\u00eas, por favor preencha o <\/span><a href=\"http:\/\/www.catcomm.org\/volunteer\"><span style=\"font-weight: 400;\">formul\u00e1rio de voluntariado<\/span><\/a><span style=\"font-weight: 400;\"> ou envie sua mensagem para contato@rioonwatch.org.br.<\/span><\/li>\n<li style=\"font-weight: 400;\"><b>Se torna um <a href=\"https:\/\/bit.ly\/DoeROW\" target=\"_blank\" rel=\"noopener\">doador recorrente, ou fa\u00e7a uma doa\u00e7\u00e3o pontual<\/a><\/b><span style=\"font-weight: 400;\"> para o <em>RioOnWatch<\/em>.<\/span><\/li>\n<li><strong>Receba not\u00edcias!<\/strong> Se inscreva abaixo para receber nosso Boletim mensal por email, ou mat\u00e9rias publicadas <a href=\"http:\/\/bit.ly\/ROWnoWhatsApp\" target=\"_blank\" rel=\"noopener\">pelo WhatsApp aqui<\/a>.<\/li>\n<li style=\"font-weight: 400;\"><b>Siga-nos<\/b><span style=\"font-weight: 400;\"> no <\/span><a href=\"https:\/\/twitter.com\/rioonwatch\"><span style=\"font-weight: 400;\">Twitter<\/span><\/a><span style=\"font-weight: 400;\">, <\/span><a href=\"http:\/\/www.facebook.com\/RioOnWatch\"><span style=\"font-weight: 400;\">Facebook<\/span><\/a>, <a href=\"http:\/\/www.instagram.com\/rioonwatch\">Instagram<\/a> e <a href=\"http:\/\/tv.rioonwatch.org\" target=\"_blank\" rel=\"noopener noreferrer\">YouTube<\/a><span style=\"font-weight: 400;\">.<\/span><\/li>\n<li style=\"font-weight: 400;\"><b>Divulgue!<\/b><span style=\"font-weight: 400;\"> Compartilhe nossos artigos em sua redes sociais e converse com seus amigos sobre as quest\u00f5es que relatamos.\u00a0<\/span><\/li>\n<\/ul>\n<hr \/>\n<div id=\"mc_embed_shell\">\n<style type=\"text\/css\">\n        #mc_embed_signup{background:#fff; false;clear:left; font:14px Helvetica,Arial,sans-serif; width: 600px;}<br \/>        \/* Add your own Mailchimp form style overrides in your site stylesheet or in this style block.<br \/>           We recommend moving this block and the preceding CSS link to the HEAD of your HTML file. *\/<br \/><\/style>\n<div id=\"mc_embed_signup\">\n<form id=\"mc-embedded-subscribe-form\" class=\"validate\" action=\"https:\/\/comcat.us12.list-manage.com\/subscribe\/post?u=17454a4a5043976be9f0976cf&amp;id=c8b8869878&amp;f_id=00c5e3e1f0\" method=\"post\" name=\"mc-embedded-subscribe-form\" target=\"_blank\">\n<div id=\"mc_embed_signup_scroll\">\n<h2>Receba Nosso Boletim Mensal:<\/h2>\n<div class=\"mc-field-group\"><label for=\"mce-EMAIL\">Email <span class=\"asterisk\">*<\/span><\/label><input id=\"mce-EMAIL\" class=\"required email\" name=\"EMAIL\" required=\"\" type=\"email\" value=\"\" \/><\/div>\n<div class=\"mc-field-group\"><label for=\"mce-FNAME\">Nome <\/label><input id=\"mce-FNAME\" class=\" text\" name=\"FNAME\" type=\"text\" value=\"\" \/><\/div>\n<div class=\"mc-field-group\"><label for=\"mce-LNAME\">Sobrenome <\/label><input id=\"mce-LNAME\" class=\" text\" name=\"LNAME\" type=\"text\" value=\"\" \/><\/div>\n<div class=\"mc-field-group\"><label for=\"mce-MMERGE4\">Organiza\u00e7\u00e3o <\/label><input id=\"mce-MMERGE4\" class=\" text\" name=\"MMERGE4\" type=\"text\" value=\"\" \/><\/div>\n<div id=\"mce-responses\" class=\"clear\">\n<div id=\"mce-error-response\" class=\"response\" style=\"display: none;\"><\/div>\n<div id=\"mce-success-response\" class=\"response\" style=\"display: none;\"><\/div>\n<\/div>\n<div style=\"position: absolute; left: -5000px;\" aria-hidden=\"true\"><input tabindex=\"-1\" name=\"b_17454a4a5043976be9f0976cf_c8b8869878\" type=\"text\" value=\"\" \/><\/div>\n<div class=\"clear\"><input id=\"mc-embedded-subscribe\" class=\"button\" name=\"subscribe\" type=\"submit\" value=\"Submeter\" \/><\/div>\n<\/div>\n<\/form>\n<\/div>\n<p><script type=\"text\/javascript\" src=\"\/\/s3.amazonaws.com\/downloads.mailchimp.com\/js\/mc-validate.js\"><\/script><script type=\"text\/javascript\">(function($) {window.fnames = new Array(); window.ftypes = new Array();fnames[0]='EMAIL';ftypes[0]='email';fnames[1]='FNAME';ftypes[1]='text';fnames[2]='LNAME';ftypes[2]='text';fnames[4]='MMERGE4';ftypes[4]='text';fnames[3]='MMERGE3';ftypes[3]='text';fnames[5]='MMERGE5';ftypes[5]='address';\/**\n * Translated default messages for the $ validation plugin.\n * Locale: PT_PT\n *\/\n$.extend($.validator.messages, {\n\trequired: \"Campo de preenchimento obrigat&oacute;rio.\",\n\tremote: \"Por favor, corrija este campo.\",\n\temail: \"Por favor, introduza um endere&ccedil;o eletr&oacute;nico v&aacute;lido.\",\n\turl: \"Por favor, introduza um URL v&aacute;lido.\",\n\tdate: \"Por favor, introduza uma data v&aacute;lida.\",\n\tdateISO: \"Por favor, introduza uma data v&aacute;lida (ISO).\",\n\tnumber: \"Por favor, introduza um n&uacute;mero v&aacute;lido.\",\n\tdigits: \"Por favor, introduza apenas d&iacute;gitos.\",\n\tcreditcard: \"Por favor, introduza um n&uacute;mero de cart&atilde;o de cr&eacute;dito v&aacute;lido.\",\n\tequalTo: \"Por favor, introduza de novo o mesmo valor.\",\n\taccept: \"Por favor, introduza um ficheiro com uma extens&atilde;o v&aacute;lida.\",\n\tmaxlength: $.validator.format(\"Por favor, n&atilde;o introduza mais do que {0} caracteres.\"),\n\tminlength: $.validator.format(\"Por favor, introduza pelo menos {0} caracteres.\"),\n\trangelength: $.validator.format(\"Por favor, introduza entre {0} e {1} caracteres.\"),\n\trange: $.validator.format(\"Por favor, introduza um valor entre {0} e {1}.\"),\n\tmax: $.validator.format(\"Por favor, introduza um valor menor ou igual a {0}.\"),\n\tmin: $.validator.format(\"Por favor, introduza um valor maior ou igual a {0}.\")\n});}(jQuery));var $mcj = jQuery.noConflict(true);<\/script><\/p>\n<\/div>\n<!-- AddThis Advanced Settings generic via filter on the_content --><!-- AddThis Share Buttons generic via filter on the_content -->","protected":false},"excerpt":{"rendered":"<div class=\"mh-excerpt\"><p>Se voc\u00ea quiser nos ajudar, h\u00e1 muitas maneiras! Comunicador comunit\u00e1rio? Traga sua pauta ou nos contacte para escrever! Saiba mais aqui. Observador, pesquisador ou jornalista? Ofere\u00e7a-se para escrever mat\u00e9rias solid\u00e1rias. Saiba mais aqui. Bil\u00edngue? Seja <a class=\"mh-excerpt-more\" href=\"https:\/\/rioonwatch.org.br\/?page_id=74397\" title=\"Como Colaborar com o RioOnWatch\">[&#8230;]<\/a><!-- AddThis Advanced Settings generic via filter on get_the_excerpt --><!-- AddThis Share Buttons generic via filter on get_the_excerpt --><\/p>\n<\/div>","protected":false},"author":3,"featured_media":0,"parent":0,"menu_order":0,"comment_status":"closed","ping_status":"closed","template":"template-full.php","meta":{"_acf_changed":false,"_monsterinsights_skip_tracking":false,"_monsterinsights_sitenote_active":false,"_monsterinsights_sitenote_note":"","_monsterinsights_sitenote_category":0,"footnotes":""},"class_list":["post-74397","page","type-page","status-publish"],"acf":[],"yoast_head":"<!-- This site is optimized with the Yoast SEO plugin v25.6 - https:\/\/yoast.com\/wordpress\/plugins\/seo\/ -->\n<title>Como Colaborar com o RioOnWatch - RioOnWatch<\/title>\n<meta name=\"robots\" content=\"index, follow, max-snippet:-1, max-image-preview:large, max-video-preview:-1\" \/>\n<link rel=\"canonical\" href=\"https:\/\/rioonwatch.org.br\/?page_id=74397\" \/>\n<meta property=\"og:locale\" content=\"pt_BR\" \/>\n<meta property=\"og:type\" content=\"article\" \/>\n<meta property=\"og:title\" content=\"Como Colaborar com o RioOnWatch - RioOnWatch\" \/>\n<meta property=\"og:description\" content=\"Se voc\u00ea quiser nos ajudar, h\u00e1 muitas maneiras! Comunicador comunit\u00e1rio? Traga sua pauta ou nos contacte para escrever! Saiba mais aqui. Observador, pesquisador ou jornalista? Ofere\u00e7a-se para escrever mat\u00e9rias solid\u00e1rias. Saiba mais aqui. Bil\u00edngue? Seja [...]\" \/>\n<meta property=\"og:url\" content=\"https:\/\/rioonwatch.org.br\/?page_id=74397\" \/>\n<meta property=\"og:site_name\" content=\"RioOnWatch\" \/>\n<meta property=\"article:modified_time\" content=\"2024-06-26T15:54:58+00:00\" \/>\n<meta name=\"twitter:card\" content=\"summary_large_image\" \/>\n<meta name=\"twitter:label1\" content=\"Est. tempo de leitura\" \/>\n\t<meta name=\"twitter:data1\" content=\"1 minuto\" \/>\n<script type=\"application\/ld+json\" class=\"yoast-schema-graph\">{\"@context\":\"https:\/\/schema.org\",\"@graph\":[{\"@type\":\"WebPage\",\"@id\":\"https:\/\/rioonwatch.org.br\/?page_id=74397\",\"url\":\"https:\/\/rioonwatch.org.br\/?page_id=74397\",\"name\":\"Como Colaborar com o RioOnWatch - RioOnWatch\",\"isPartOf\":{\"@id\":\"https:\/\/rioonwatch.org.br\/#website\"},\"datePublished\":\"2024-06-20T21:17:13+00:00\",\"dateModified\":\"2024-06-26T15:54:58+00:00\",\"breadcrumb\":{\"@id\":\"https:\/\/rioonwatch.org.br\/?page_id=74397#breadcrumb\"},\"inLanguage\":\"pt-BR\",\"potentialAction\":[{\"@type\":\"ReadAction\",\"target\":[\"https:\/\/rioonwatch.org.br\/?page_id=74397\"]}]},{\"@type\":\"BreadcrumbList\",\"@id\":\"https:\/\/rioonwatch.org.br\/?page_id=74397#breadcrumb\",\"itemListElement\":[{\"@type\":\"ListItem\",\"position\":1,\"name\":\"In\u00edcio\",\"item\":\"https:\/\/rioonwatch.org.br\/\"},{\"@type\":\"ListItem\",\"position\":2,\"name\":\"Como Colaborar com o RioOnWatch\"}]},{\"@type\":\"WebSite\",\"@id\":\"https:\/\/rioonwatch.org.br\/#website\",\"url\":\"https:\/\/rioonwatch.org.br\/\",\"name\":\"RioOnWatch\",\"description\":\"relatos das favelas cariocas\",\"publisher\":{\"@id\":\"https:\/\/rioonwatch.org.br\/#organization\"},\"potentialAction\":[{\"@type\":\"SearchAction\",\"target\":{\"@type\":\"EntryPoint\",\"urlTemplate\":\"https:\/\/rioonwatch.org.br\/?s={search_term_string}\"},\"query-input\":{\"@type\":\"PropertyValueSpecification\",\"valueRequired\":true,\"valueName\":\"search_term_string\"}}],\"inLanguage\":\"pt-BR\"},{\"@type\":\"Organization\",\"@id\":\"https:\/\/rioonwatch.org.br\/#organization\",\"name\":\"RioOnWatch\",\"url\":\"https:\/\/rioonwatch.org.br\/\",\"logo\":{\"@type\":\"ImageObject\",\"inLanguage\":\"pt-BR\",\"@id\":\"https:\/\/rioonwatch.org.br\/#\/schema\/logo\/image\/\",\"url\":\"https:\/\/rioonwatch.org.br\/wp-content\/uploads\/2021\/06\/RioOnWatchcabecalhoPT11anos-2.png\",\"contentUrl\":\"https:\/\/rioonwatch.org.br\/wp-content\/uploads\/2021\/06\/RioOnWatchcabecalhoPT11anos-2.png\",\"width\":779,\"height\":277,\"caption\":\"RioOnWatch\"},\"image\":{\"@id\":\"https:\/\/rioonwatch.org.br\/#\/schema\/logo\/image\/\"}}]}<\/script>\n<!-- \/ Yoast SEO plugin. -->","yoast_head_json":{"title":"Como Colaborar com o RioOnWatch - RioOnWatch","robots":{"index":"index","follow":"follow","max-snippet":"max-snippet:-1","max-image-preview":"max-image-preview:large","max-video-preview":"max-video-preview:-1"},"canonical":"https:\/\/rioonwatch.org.br\/?page_id=74397","og_locale":"pt_BR","og_type":"article","og_title":"Como Colaborar com o RioOnWatch - RioOnWatch","og_description":"Se voc\u00ea quiser nos ajudar, h\u00e1 muitas maneiras! Comunicador comunit\u00e1rio? Traga sua pauta ou nos contacte para escrever! Saiba mais aqui. Observador, pesquisador ou jornalista? Ofere\u00e7a-se para escrever mat\u00e9rias solid\u00e1rias. Saiba mais aqui. Bil\u00edngue? Seja [...]","og_url":"https:\/\/rioonwatch.org.br\/?page_id=74397","og_site_name":"RioOnWatch","article_modified_time":"2024-06-26T15:54:58+00:00","twitter_card":"summary_large_image","twitter_misc":{"Est. tempo de leitura":"1 minuto"},"schema":{"@context":"https:\/\/schema.org","@graph":[{"@type":"WebPage","@id":"https:\/\/rioonwatch.org.br\/?page_id=74397","url":"https:\/\/rioonwatch.org.br\/?page_id=74397","name":"Como Colaborar com o RioOnWatch - RioOnWatch","isPartOf":{"@id":"https:\/\/rioonwatch.org.br\/#website"},"datePublished":"2024-06-20T21:17:13+00:00","dateModified":"2024-06-26T15:54:58+00:00","breadcrumb":{"@id":"https:\/\/rioonwatch.org.br\/?page_id=74397#breadcrumb"},"inLanguage":"pt-BR","potentialAction":[{"@type":"ReadAction","target":["https:\/\/rioonwatch.org.br\/?page_id=74397"]}]},{"@type":"BreadcrumbList","@id":"https:\/\/rioonwatch.org.br\/?page_id=74397#breadcrumb","itemListElement":[{"@type":"ListItem","position":1,"name":"In\u00edcio","item":"https:\/\/rioonwatch.org.br\/"},{"@type":"ListItem","position":2,"name":"Como Colaborar com o RioOnWatch"}]},{"@type":"WebSite","@id":"https:\/\/rioonwatch.org.br\/#website","url":"https:\/\/rioonwatch.org.br\/","name":"RioOnWatch","description":"relatos das favelas cariocas","publisher":{"@id":"https:\/\/rioonwatch.org.br\/#organization"},"potentialAction":[{"@type":"SearchAction","target":{"@type":"EntryPoint","urlTemplate":"https:\/\/rioonwatch.org.br\/?s={search_term_string}"},"query-input":{"@type":"PropertyValueSpecification","valueRequired":true,"valueName":"search_term_string"}}],"inLanguage":"pt-BR"},{"@type":"Organization","@id":"https:\/\/rioonwatch.org.br\/#organization","name":"RioOnWatch","url":"https:\/\/rioonwatch.org.br\/","logo":{"@type":"ImageObject","inLanguage":"pt-BR","@id":"https:\/\/rioonwatch.org.br\/#\/schema\/logo\/image\/","url":"https:\/\/rioonwatch.org.br\/wp-content\/uploads\/2021\/06\/RioOnWatchcabecalhoPT11anos-2.png","contentUrl":"https:\/\/rioonwatch.org.br\/wp-content\/uploads\/2021\/06\/RioOnWatchcabecalhoPT11anos-2.png","width":779,"height":277,"caption":"RioOnWatch"},"image":{"@id":"https:\/\/rioonwatch.org.br\/#\/schema\/logo\/image\/"}}]}},"_links":{"self":[{"href":"https:\/\/rioonwatch.org.br\/index.php?rest_route=\/wp\/v2\/pages\/74397"}],"collection":[{"href":"https:\/\/rioonwatch.org.br\/index.php?rest_route=\/wp\/v2\/pages"}],"about":[{"href":"https:\/\/rioonwatch.org.br\/index.php?rest_route=\/wp\/v2\/types\/page"}],"author":[{"embeddable":true,"href":"https:\/\/rioonwatch.org.br\/index.php?rest_route=\/wp\/v2\/users\/3"}],"replies":[{"embeddable":true,"href":"https:\/\/rioonwatch.org.br\/index.php?rest_route=%2Fwp%2Fv2%2Fcomments&post=74397"}],"version-history":[{"count":5,"href":"https:\/\/rioonwatch.org.br\/index.php?rest_route=\/wp\/v2\/pages\/74397\/revisions"}],"predecessor-version":[{"id":74475,"href":"https:\/\/rioonwatch.org.br\/index.php?rest_route=\/wp\/v2\/pages\/74397\/revisions\/74475"}],"wp:attachment":[{"href":"https:\/\/rioonwatch.org.br\/index.php?rest_route=%2Fwp%2Fv2%2Fmedia&parent=74397"}],"curies":[{"name":"wp","href":"https:\/\/api.w.org\/{rel}","templated":true}]}}